{"id":10,"date":"2021-03-22T16:00:59","date_gmt":"2021-03-22T15:00:59","guid":{"rendered":"https:\/\/www.memirrorshop.com\/informazioni\/?page_id=10"},"modified":"2021-03-25T09:54:22","modified_gmt":"2021-03-25T08:54:22","slug":"resi-e-rimborsi","status":"publish","type":"page","link":"https:\/\/www.memirrorshop.com\/informazioni\/resi-e-rimborsi\/","title":{"rendered":"Resi e Rimborsi"},"content":{"rendered":"<section class=\"l-section wpb_row height_medium\"><div class=\"l-section-h i-cf\"><div class=\"g-cols vc_row type_default valign_top\"><div class=\"vc_col-sm-12 wpb_column vc_column_container\"><div class=\"vc_column-inner\"><div class=\"wpb_wrapper\">[vc_custom_heading text=&#8221;Resi e Rimborsi&#8221; font_container=&#8221;tag:h1|text_align:center&#8221; use_theme_fonts=&#8221;yes&#8221; css=&#8221;%7B%22default%22%3A%7B%22text-transform%22%3A%22uppercase%22%7D%7D&#8221;]<div class=\"w-separator size_medium\"><\/div><div class=\"wpb_text_column\" ><div class=\"wpb_wrapper\"><h3>COME POSSO EFFETTUARE UN RESO O UN CAMBIO?<\/h3>\n<p>Puoi richiedere il reso o il cambio entro 15 giorni dal ricevimento dell\u2019ordine.<\/p>\n<p>Compila il modulo di richiesta, specificando se si sta richiedendo un reso o un cambio, riceverai una mail di conferma e in seguito ci occuperemo noi del ritiro del tuo pacco tramite il nostro corriere affiliato che entro 48 ore lavorative provveder\u00e0 ad effettuare il ritiro direttamente a domicilio.<\/p>\n<p>Se la richiesta fosse di cambio specificare nell\u2019apposito spazio la taglia o l\u2019eventuale capo con il quale si vuole sostituire. In tal caso sar\u00e0 possibile solo se la somma \u00e8 pari o minore dell\u2019importo spesose minore procederemo al versamento della differenza.<\/p>\n<p>Riporre tutto all\u2019interno della stessa scatola in dotazione ben sigillata, assicurati che gli articoli siano nelle stesse condizioni in cui li hai ricevuti con cartellino identificativo e sigillo ancora attaccati.<\/p>\n<h3>COME AVVIENE IL RIMBORSO?<\/h3>\n<p>Una volta che il pacco sar\u00e0 rientrato in magazzino verr\u00e0 effettuato un controllo e in seguito il rimborso verr\u00e0 elaborato automaticamente. Ti confermeremo l&#8217;approvazione del rimborso tramite mail. Tieni presente che potrebbero essere necessari fino a 5 giorni LAVORATIVI prima che l&#8217;importo venga riaccreditato sul tuo conto a secondo del metodo di pagamento utilizzo.<\/p>\n<\/div><\/div><\/div><\/div><\/div><\/div><\/div><\/section><section class=\"l-section wpb_row height_medium\"><div class=\"l-section-h i-cf\"><div class=\"g-cols vc_row type_default valign_top\"><div class=\"vc_col-sm-12 wpb_column vc_column_container\"><div class=\"vc_column-inner\"><div class=\"wpb_wrapper\">[vc_custom_heading text=&#8221;Inviaci la tua richiesta di Reso&#8221; font_container=&#8221;tag:h2|text_align:center&#8221; use_theme_fonts=&#8221;yes&#8221; css=&#8221;%7B%22default%22%3A%7B%22text-transform%22%3A%22uppercase%22%7D%7D&#8221;]<div role=\"form\" class=\"wpcf7\" id=\"wpcf7-f7-o1\" lang=\"it-IT\" dir=\"ltr\">\n<div class=\"screen-reader-response\"><p role=\"status\" aria-live=\"polite\" aria-atomic=\"true\"><\/p> <ul><\/ul><\/div>\n<form action=\"\/informazioni\/wp-json\/wp\/v2\/pages\/10#wpcf7-f7-o1\" method=\"post\" class=\"wpcf7-form init\" novalidate=\"novalidate\" data-status=\"init\">\n<div style=\"display: none;\">\n<input type=\"hidden\" name=\"_wpcf7\" value=\"7\" \/>\n<input type=\"hidden\" name=\"_wpcf7_version\" value=\"5.4\" \/>\n<input type=\"hidden\" name=\"_wpcf7_locale\" value=\"it_IT\" \/>\n<input type=\"hidden\" name=\"_wpcf7_unit_tag\" value=\"wpcf7-f7-o1\" \/>\n<input type=\"hidden\" name=\"_wpcf7_container_post\" value=\"0\" \/>\n<input type=\"hidden\" name=\"_wpcf7_posted_data_hash\" value=\"\" \/>\n<input type=\"hidden\" name=\"_wpcf7_recaptcha_response\" value=\"\" \/>\n<\/div>\n<div class=\"g-cols vc_row\" style=\"margin-bottom:20px\">\n<div class=\"vc_col-sm-12\" style=\"margin-bottom:20px;padding:0 10px\">\n<p style=\"text-align: center;\"><span class=\"wpcf7-form-control-wrap radio-reso\"><span class=\"wpcf7-form-control wpcf7-radio\"><span class=\"wpcf7-list-item first\"><label><input type=\"radio\" name=\"radio-reso\" value=\"RESO\" \/><span class=\"wpcf7-list-item-label\">RESO<\/span><\/label><\/span><span class=\"wpcf7-list-item last\"><label><input type=\"radio\" name=\"radio-reso\" value=\"CAMBIO (*)\" \/><span class=\"wpcf7-list-item-label\">CAMBIO (*)<\/span><\/label><\/span><\/span><\/span><br \/>\n(*) <em>Sar\u00e0 possibile effettuare il cambio di un capo con un altro solo se l\u2019importo \u00e8 pari o minore dell\u2019importo speso; nel caso in cui fosse minore procederemo al versamento della differenza<\/em><\/p>\n<\/div>\n<div class=\"vc_col-sm-6\" style=\"margin-bottom:20px;padding:0 10px\">\n<label> NOME<br \/>\n    <span class=\"wpcf7-form-control-wrap your-name\"><input type=\"text\" name=\"your-name\" value=\"\" size=\"40\" class=\"wpcf7-form-control wpcf7-text wpcf7-validates-as-required\" aria-required=\"true\" aria-invalid=\"false\" \/><\/span> <\/label><\/p>\n<p><label> COGNOME<br \/>\n    <span class=\"wpcf7-form-control-wrap your-surname\"><input type=\"text\" name=\"your-surname\" value=\"\" size=\"40\" class=\"wpcf7-form-control wpcf7-text wpcf7-validates-as-required\" aria-required=\"true\" aria-invalid=\"false\" \/><\/span> <\/label><\/p>\n<p><label> EMAIL<br \/>\n    <span class=\"wpcf7-form-control-wrap your-email\"><input type=\"email\" name=\"your-email\" value=\"\" size=\"40\" class=\"wpcf7-form-control wpcf7-text wpcf7-email wpcf7-validates-as-required wpcf7-validates-as-email\" aria-required=\"true\" aria-invalid=\"false\" \/><\/span> <\/label><\/p>\n<p><label> NUMERO DI TELEFONO (facoltativo)<br \/>\n    <span class=\"wpcf7-form-control-wrap your-phone\"><input type=\"tel\" name=\"your-phone\" value=\"\" size=\"40\" class=\"wpcf7-form-control wpcf7-text wpcf7-tel wpcf7-validates-as-tel\" aria-invalid=\"false\" \/><\/span> <\/label><\/p>\n<\/div>\n<div class=\"vc_col-sm-6\" style=\"margin-bottom:20px;padding:0 10px\">\n<p><label> NUMERO DELL'ORDINE<br \/>\n    <span class=\"wpcf7-form-control-wrap numero-ordine\"><input type=\"text\" name=\"numero-ordine\" value=\"\" size=\"40\" class=\"wpcf7-form-control wpcf7-text wpcf7-validates-as-required\" aria-required=\"true\" aria-invalid=\"false\" placeholder=\"Esempio: #000001234\" \/><\/span> <\/label><\/p>\n<p><label> MOTIVO DELLA RICHIESTA DI RESO O CAMBIO<br \/>\n    <span class=\"wpcf7-form-control-wrap your-message\"><textarea name=\"your-message\" cols=\"40\" rows=\"8\" class=\"wpcf7-form-control wpcf7-textarea wpcf7-validates-as-required\" aria-required=\"true\" aria-invalid=\"false\"><\/textarea><\/span> <\/label><\/p>\n<\/div>\n<\/div>\n<div class=\"g-cols vc_row\" style=\"margin-bottom:20px\">\n<div class=\"vc_col-sm-12\" style=\"margin-bottom:20px;padding:0 10px\">\n<span class=\"wpcf7-form-control-wrap acceptance-984\"><span class=\"wpcf7-form-control wpcf7-acceptance optional\"><span class=\"wpcf7-list-item\"><label><input type=\"checkbox\" name=\"acceptance-984\" value=\"1\" aria-invalid=\"false\" \/><span class=\"wpcf7-list-item-label\"><span style=\"font-size:12px\">Accetto che i miei dati personali vengano archiviati e utilizzati per contattarmi secondo la <a href=\"https:\/\/www.memirrorshop.com\/privacy-policy\" target=\"_blank\">Politica sulla Privacy<\/a><\/span><\/span><\/label><\/span><\/span><\/span>\n  <\/div>\n<\/div>\n<div class=\"g-cols vc_row\" style=\"margin-bottom:20px\">\n<div class=\"vc_col-sm-12\" style=\"margin-bottom:20px;padding:0 10px\">\n<input type=\"submit\" value=\"INVIA\" class=\"wpcf7-form-control wpcf7-submit\" \/>\n  <\/div>\n<\/div>\n<div class=\"wpcf7-response-output\" aria-hidden=\"true\"><\/div><\/form><\/div><\/div><\/div><\/div><\/div><\/div><\/section>\n","protected":false},"excerpt":{"rendered":"[vc_custom_heading text=\"Resi e Rimborsi\" font_container=\"tag:h1|text_align:center\" use_theme_fonts=\"yes\" css=\"%7B%22default%22%3A%7B%22text-transform%22%3A%22uppercase%22%7D%7D\"]COME POSSO EFFETTUARE UN RESO O UN CAMBIO? Puoi richiedere il reso o il cambio entro 15 giorni dal ricevimento dell\u2019ordine. Compila il modulo di richiesta, specificando se si sta richiedendo un reso o un cambio, riceverai una mail di conferma e in seguito ci occuperemo noi del ritiro...","protected":false},"author":1,"featured_media":0,"parent":0,"menu_order":0,"comment_status":"closed","ping_status":"closed","template":"","meta":{"footnotes":""},"yoast_head":"<!-- This site is optimized with the Yoast SEO plugin v16.0.2 - https:\/\/yoast.com\/wordpress\/plugins\/seo\/ -->\n<title>Resi e Rimborsi - MeMirror, Il Portale di Abbigliamento Online<\/title>\n<link rel=\"canonical\" href=\"https:\/\/www.memirrorshop.com\/informazioni\/resi-e-rimborsi\/\" \/>\n<meta property=\"og:locale\" content=\"it_IT\" \/>\n<meta property=\"og:type\" content=\"article\" \/>\n<meta property=\"og:title\" content=\"Resi e Rimborsi - MeMirror, Il Portale di Abbigliamento Online\" \/>\n<meta property=\"og:url\" content=\"https:\/\/www.memirrorshop.com\/informazioni\/resi-e-rimborsi\/\" \/>\n<meta property=\"og:site_name\" content=\"MeMirror, Il Portale di Abbigliamento Online\" \/>\n<meta property=\"article:modified_time\" content=\"2021-03-25T08:54:22+00:00\" \/>\n<meta name=\"twitter:card\" content=\"summary_large_image\" \/>\n<meta name=\"twitter:label1\" content=\"Tempo di lettura stimato\">\n\t<meta name=\"twitter:data1\" content=\"1 minuto\">\n<script type=\"application\/ld+json\" class=\"yoast-schema-graph\">{\"@context\":\"https:\/\/schema.org\",\"@graph\":[{\"@type\":\"WebSite\",\"@id\":\"https:\/\/www.memirrorshop.com\/informazioni\/#website\",\"url\":\"https:\/\/www.memirrorshop.com\/informazioni\/\",\"name\":\"MeMirror, Il Portale di Abbigliamento Online\",\"description\":\"Il Portale di Abbigliamento Online\",\"potentialAction\":[{\"@type\":\"SearchAction\",\"target\":\"https:\/\/www.memirrorshop.com\/informazioni\/?s={search_term_string}\",\"query-input\":\"required name=search_term_string\"}],\"inLanguage\":\"it-IT\"},{\"@type\":\"WebPage\",\"@id\":\"https:\/\/www.memirrorshop.com\/informazioni\/resi-e-rimborsi\/#webpage\",\"url\":\"https:\/\/www.memirrorshop.com\/informazioni\/resi-e-rimborsi\/\",\"name\":\"Resi e Rimborsi - MeMirror, Il Portale di Abbigliamento Online\",\"isPartOf\":{\"@id\":\"https:\/\/www.memirrorshop.com\/informazioni\/#website\"},\"datePublished\":\"2021-03-22T15:00:59+00:00\",\"dateModified\":\"2021-03-25T08:54:22+00:00\",\"breadcrumb\":{\"@id\":\"https:\/\/www.memirrorshop.com\/informazioni\/resi-e-rimborsi\/#breadcrumb\"},\"inLanguage\":\"it-IT\",\"potentialAction\":[{\"@type\":\"ReadAction\",\"target\":[\"https:\/\/www.memirrorshop.com\/informazioni\/resi-e-rimborsi\/\"]}]},{\"@type\":\"BreadcrumbList\",\"@id\":\"https:\/\/www.memirrorshop.com\/informazioni\/resi-e-rimborsi\/#breadcrumb\",\"itemListElement\":[{\"@type\":\"ListItem\",\"position\":1,\"item\":{\"@type\":\"WebPage\",\"@id\":\"https:\/\/www.memirrorshop.com\/informazioni\/\",\"url\":\"https:\/\/www.memirrorshop.com\/informazioni\/\",\"name\":\"Home\"}},{\"@type\":\"ListItem\",\"position\":2,\"item\":{\"@type\":\"WebPage\",\"@id\":\"https:\/\/www.memirrorshop.com\/informazioni\/resi-e-rimborsi\/\",\"url\":\"https:\/\/www.memirrorshop.com\/informazioni\/resi-e-rimborsi\/\",\"name\":\"Resi e Rimborsi\"}}]}]}<\/script>\n<!-- \/ Yoast SEO plugin. -->","_links":{"self":[{"href":"https:\/\/www.memirrorshop.com\/informazioni\/wp-json\/wp\/v2\/pages\/10"}],"collection":[{"href":"https:\/\/www.memirrorshop.com\/informazioni\/wp-json\/wp\/v2\/pages"}],"about":[{"href":"https:\/\/www.memirrorshop.com\/informazioni\/wp-json\/wp\/v2\/types\/page"}],"author":[{"embeddable":true,"href":"https:\/\/www.memirrorshop.com\/informazioni\/wp-json\/wp\/v2\/users\/1"}],"replies":[{"embeddable":true,"href":"https:\/\/www.memirrorshop.com\/informazioni\/wp-json\/wp\/v2\/comments?post=10"}],"version-history":[{"count":9,"href":"https:\/\/www.memirrorshop.com\/informazioni\/wp-json\/wp\/v2\/pages\/10\/revisions"}],"predecessor-version":[{"id":29,"href":"https:\/\/www.memirrorshop.com\/informazioni\/wp-json\/wp\/v2\/pages\/10\/revisions\/29"}],"wp:attachment":[{"href":"https:\/\/www.memirrorshop.com\/informazioni\/wp-json\/wp\/v2\/media?parent=10"}],"curies":[{"name":"wp","href":"https:\/\/api.w.org\/{rel}","templated":true}]}}